{"id":29937,"date":"2026-03-12T12:07:52","date_gmt":"2026-03-12T12:07:52","guid":{"rendered":"https:\/\/www.varimo.com.tr\/?post_type=product&#038;p=29937"},"modified":"2026-04-07T17:38:10","modified_gmt":"2026-04-07T17:38:10","slug":"siyah-diz-alti-varis-corabi","status":"publish","type":"product","link":"https:\/\/www.varimo.com.tr\/tr\/urun\/siyah-diz-alti-varis-corabi\/","title":{"rendered":"Siyah Diz Alt\u0131 Varis \u00c7orab\u0131"},"content":{"rendered":"","protected":false},"excerpt":{"rendered":"<h3 data-start=\"97\" data-end=\"117\">\u00dcr\u00fcn \u00d6zellikleri<\/h3>\n<p data-start=\"2920\" data-end=\"2989\">\ud83d\udda4 \u015e\u0131k ve sade siyah tasar\u0131m ile g\u00fcnl\u00fck kullan\u0131m i\u00e7in ideal g\u00f6r\u00fcn\u00fcm<\/p>\n<p data-start=\"2991\" data-end=\"3076\">\ud83d\udcca Dereceli bas\u0131n\u00e7 (Graduated Compression) teknolojisi ile kan dola\u015f\u0131m\u0131n\u0131 destekler<\/p>\n<p data-start=\"3078\" data-end=\"3158\">\ud83e\uddb5 Bacaklarda olu\u015fabilecek \u015fi\u015flik ve yorgunluk hissinin azalt\u0131lmas\u0131na yard\u0131mc\u0131<\/p>\n<p data-start=\"3160\" data-end=\"3235\">\ud83c\udf2c\ufe0f Nefes alabilen ve nem emici kuma\u015f teknolojisi ile ayak konforu sa\u011flar<\/p>\n<p data-start=\"3237\" data-end=\"3296\">\u2601\ufe0f Yumu\u015fak ve konforlu dokusu ile g\u00fcn boyu rahat kullan\u0131m<\/p>\n<p data-start=\"3298\" data-end=\"3352\">\ud83c\udf3f Hassas ciltler i\u00e7in uygun cilt dostu kuma\u015f yap\u0131s\u0131<\/p>\n<p data-start=\"3354\" data-end=\"3417\">\ud83d\udee1\ufe0f Dayan\u0131kl\u0131 ve uzun \u00f6m\u00fcrl\u00fc kullan\u0131m sa\u011flayan kaliteli kuma\u015f<\/p>\n<p data-start=\"3419\" data-end=\"3469\">\ud83d\udc4c Kolay giyilip \u00e7\u0131kar\u0131labilen ergonomik tasar\u0131m<\/p>\n<p data-start=\"3471\" data-end=\"3523\">\ud83d\udc6b Kad\u0131nlar ve erkekler i\u00e7in uygun unisex kullan\u0131m<\/p>\n<p data-start=\"3525\" data-end=\"3568\">\ud83d\udccf 7 farkl\u0131 beden se\u00e7ene\u011fi ile ideal uyum<\/p>\n<p data-start=\"3570\" data-end=\"3647\">\ud83d\udeb6 G\u00fcnl\u00fck kullan\u0131m, seyahat ve uzun s\u00fcre ayakta kalan ki\u015filer i\u00e7in uygundur<\/p>\n","protected":false},"featured_media":29946,"comment_status":"open","ping_status":"closed","template":"","meta":[],"product_brand":[],"product_cat":[79,78],"product_tag":[],"class_list":{"0":"post-29937","1":"product","2":"type-product","3":"status-publish","4":"has-post-thumbnail","6":"product_cat-tum-urunler","7":"product_cat-varis-coraplari","9":"first","10":"instock","11":"shipping-taxable","12":"product-type-simple"},"_links":{"self":[{"href":"https:\/\/www.varimo.com.tr\/tr\/wp-json\/wp\/v2\/product\/29937","targetHints":{"allow":["GET"]}}],"collection":[{"href":"https:\/\/www.varimo.com.tr\/tr\/wp-json\/wp\/v2\/product"}],"about":[{"href":"https:\/\/www.varimo.com.tr\/tr\/wp-json\/wp\/v2\/types\/product"}],"replies":[{"embeddable":true,"href":"https:\/\/www.varimo.com.tr\/tr\/wp-json\/wp\/v2\/comments?post=29937"}],"version-history":[{"count":1,"href":"https:\/\/www.varimo.com.tr\/tr\/wp-json\/wp\/v2\/product\/29937\/revisions"}],"predecessor-version":[{"id":29952,"href":"https:\/\/www.varimo.com.tr\/tr\/wp-json\/wp\/v2\/product\/29937\/revisions\/29952"}],"wp:featuredmedia":[{"embeddable":true,"href":"https:\/\/www.varimo.com.tr\/tr\/wp-json\/wp\/v2\/media\/29946"}],"wp:attachment":[{"href":"https:\/\/www.varimo.com.tr\/tr\/wp-json\/wp\/v2\/media?parent=29937"}],"wp:term":[{"taxonomy":"product_brand","embeddable":true,"href":"https:\/\/www.varimo.com.tr\/tr\/wp-json\/wp\/v2\/product_brand?post=29937"},{"taxonomy":"product_cat","embeddable":true,"href":"https:\/\/www.varimo.com.tr\/tr\/wp-json\/wp\/v2\/product_cat?post=29937"},{"taxonomy":"product_tag","embeddable":true,"href":"https:\/\/www.varimo.com.tr\/tr\/wp-json\/wp\/v2\/product_tag?post=29937"}],"curies":[{"name":"wp","href":"https:\/\/api.w.org\/{rel}","templated":true}]}}