{"id":29932,"date":"2026-03-12T11:58:51","date_gmt":"2026-03-12T11:58:51","guid":{"rendered":"https:\/\/www.varimo.com.tr\/?post_type=product&#038;p=29932"},"modified":"2026-04-07T17:39:30","modified_gmt":"2026-04-07T17:39:30","slug":"siyah-diz-ustu-varis-corabi","status":"publish","type":"product","link":"https:\/\/www.varimo.com.tr\/tr\/urun\/siyah-diz-ustu-varis-corabi\/","title":{"rendered":"Siyah Diz \u00dcst\u00fc Varis \u00c7orab\u0131"},"content":{"rendered":"","protected":false},"excerpt":{"rendered":"<h3 data-start=\"97\" data-end=\"117\">\u00dcr\u00fcn \u00d6zellikleri<\/h3>\n<p data-start=\"2199\" data-end=\"2252\">\ud83d\udda4 \u015e\u0131k ve modern siyah tasar\u0131m\u0131 ile estetik g\u00f6r\u00fcn\u00fcm<\/p>\n<p data-start=\"2254\" data-end=\"2349\">\ud83d\udcca Dereceli bas\u0131n\u00e7 (Graduated Compression) teknolojisi ile bacaklarda dengeli bas\u0131n\u00e7 da\u011f\u0131l\u0131m\u0131<\/p>\n<p data-start=\"2351\" data-end=\"2429\">\ud83e\uddb5 Bacaklarda olu\u015fabilecek yorgunluk ve \u015fi\u015flik hissinin azalt\u0131lmas\u0131na destek<\/p>\n<p data-start=\"2431\" data-end=\"2497\">\ud83c\udf2c\ufe0f Nefes alabilen ve nem emici kuma\u015f yap\u0131s\u0131 ile g\u00fcn boyu konfor<\/p>\n<p data-start=\"2499\" data-end=\"2554\">\u2601\ufe0f Yumu\u015fak dokunu\u015f hissi sunan \u00f6zel kuma\u015f teknolojisi<\/p>\n<p data-start=\"2556\" data-end=\"2602\">\ud83c\udf3f Hassas ciltler i\u00e7in uygun cilt dostu yap\u0131<\/p>\n<p data-start=\"2604\" data-end=\"2652\">\ud83d\udee1\ufe0f Dayan\u0131kl\u0131 ve uzun \u00f6m\u00fcrl\u00fc kuma\u015f teknolojisi<\/p>\n<p data-start=\"2654\" data-end=\"2704\">\ud83d\udc4c Kolay giyilip \u00e7\u0131kar\u0131labilen ergonomik tasar\u0131m<\/p>\n<p data-start=\"2706\" data-end=\"2751\">\ud83d\udc6b Kad\u0131nlar ve erkekler i\u00e7in ideal kullan\u0131m<\/p>\n<p data-start=\"2753\" data-end=\"2799\">\ud83d\udccf 7 farkl\u0131 beden se\u00e7ene\u011fi ile m\u00fckemmel uyum<\/p>\n<p data-start=\"2801\" data-end=\"2859\">\u2728 G\u00fcnl\u00fck kullan\u0131mda hem sa\u011fl\u0131k hem estetik g\u00f6r\u00fcn\u00fcm sunar<\/p>\n","protected":false},"featured_media":29933,"comment_status":"open","ping_status":"closed","template":"","meta":[],"product_brand":[],"product_cat":[79,78],"product_tag":[],"class_list":{"0":"post-29932","1":"product","2":"type-product","3":"status-publish","4":"has-post-thumbnail","6":"product_cat-tum-urunler","7":"product_cat-varis-coraplari","9":"first","10":"instock","11":"shipping-taxable","12":"product-type-simple"},"_links":{"self":[{"href":"https:\/\/www.varimo.com.tr\/tr\/wp-json\/wp\/v2\/product\/29932","targetHints":{"allow":["GET"]}}],"collection":[{"href":"https:\/\/www.varimo.com.tr\/tr\/wp-json\/wp\/v2\/product"}],"about":[{"href":"https:\/\/www.varimo.com.tr\/tr\/wp-json\/wp\/v2\/types\/product"}],"replies":[{"embeddable":true,"href":"https:\/\/www.varimo.com.tr\/tr\/wp-json\/wp\/v2\/comments?post=29932"}],"version-history":[{"count":1,"href":"https:\/\/www.varimo.com.tr\/tr\/wp-json\/wp\/v2\/product\/29932\/revisions"}],"predecessor-version":[{"id":29936,"href":"https:\/\/www.varimo.com.tr\/tr\/wp-json\/wp\/v2\/product\/29932\/revisions\/29936"}],"wp:featuredmedia":[{"embeddable":true,"href":"https:\/\/www.varimo.com.tr\/tr\/wp-json\/wp\/v2\/media\/29933"}],"wp:attachment":[{"href":"https:\/\/www.varimo.com.tr\/tr\/wp-json\/wp\/v2\/media?parent=29932"}],"wp:term":[{"taxonomy":"product_brand","embeddable":true,"href":"https:\/\/www.varimo.com.tr\/tr\/wp-json\/wp\/v2\/product_brand?post=29932"},{"taxonomy":"product_cat","embeddable":true,"href":"https:\/\/www.varimo.com.tr\/tr\/wp-json\/wp\/v2\/product_cat?post=29932"},{"taxonomy":"product_tag","embeddable":true,"href":"https:\/\/www.varimo.com.tr\/tr\/wp-json\/wp\/v2\/product_tag?post=29932"}],"curies":[{"name":"wp","href":"https:\/\/api.w.org\/{rel}","templated":true}]}}