{"id":29918,"date":"2026-03-12T11:36:16","date_gmt":"2026-03-12T11:36:16","guid":{"rendered":"https:\/\/www.varimo.com.tr\/?post_type=product&#038;p=29918"},"modified":"2026-04-16T16:47:14","modified_gmt":"2026-04-16T16:47:14","slug":"diz-alti-varis-corabi","status":"publish","type":"product","link":"https:\/\/www.varimo.com.tr\/tr\/urun\/diz-alti-varis-corabi\/","title":{"rendered":"Diz Alt\u0131 Varis \u00c7orab\u0131"},"content":{"rendered":"","protected":false},"excerpt":{"rendered":"<h3 data-start=\"97\" data-end=\"117\">\u00dcr\u00fcn \u00d6zellikleri<\/h3>\n<p data-start=\"1398\" data-end=\"1495\">\ud83d\udcca Dereceli bas\u0131n\u00e7 (Graduated Compression) teknolojisi ile kan dola\u015f\u0131m\u0131n\u0131 desteklemeye yard\u0131mc\u0131<\/p>\n<p data-start=\"1497\" data-end=\"1565\">\ud83e\ude78 Ayaklara do\u011fru sa\u011fl\u0131kl\u0131 kan ak\u0131\u015f\u0131n\u0131 destekleyen bas\u0131n\u00e7 da\u011f\u0131l\u0131m\u0131<\/p>\n<p data-start=\"1567\" data-end=\"1642\">\ud83e\uddb5 Bacaklarda olu\u015fabilecek \u015fi\u015flik ve yorgunluk hissini azaltmaya yard\u0131mc\u0131<\/p>\n<p data-start=\"1644\" data-end=\"1714\">\ud83c\udf2c\ufe0f Nefes alabilen ve nem emici kuma\u015f yap\u0131s\u0131 ile ayaklar\u0131 kuru tutar<\/p>\n<p data-start=\"1716\" data-end=\"1775\">\u2601\ufe0f Yumu\u015fak ve konforlu dokusu ile g\u00fcn boyu rahat kullan\u0131m<\/p>\n<p data-start=\"1777\" data-end=\"1844\">\ud83c\udf3f Hassas ciltler i\u00e7in geli\u015ftirilmi\u015f cilt dostu kuma\u015f teknolojisi<\/p>\n<p data-start=\"1846\" data-end=\"1926\">\ud83d\udee1\ufe0f Ayaklarda olu\u015fabilecek s\u00fcrt\u00fcnme ve yaralanma riskinin azalt\u0131lmas\u0131na destek<\/p>\n<p data-start=\"1928\" data-end=\"1975\">\ud83d\udc4c Kolay giyilip \u00e7\u0131kar\u0131labilen ergonomik yap\u0131<\/p>\n<p data-start=\"1977\" data-end=\"2018\">\ud83d\udc6b Kad\u0131nlar ve erkekler i\u00e7in ideal uyum<\/p>\n<p data-start=\"2020\" data-end=\"2075\">\ud83d\udccf 7 farkl\u0131 beden se\u00e7ene\u011fi ile do\u011fru bas\u0131n\u00e7 ve konfor<\/p>\n<p data-start=\"2077\" data-end=\"2138\">\u2708\ufe0f G\u00fcnl\u00fck kullan\u0131m ve uzun s\u00fcreli yolculuklar i\u00e7in uygundur<\/p>\n","protected":false},"featured_media":29929,"comment_status":"open","ping_status":"closed","template":"","meta":[],"product_brand":[],"product_cat":[79,78],"product_tag":[],"class_list":{"0":"post-29918","1":"product","2":"type-product","3":"status-publish","4":"has-post-thumbnail","6":"product_cat-tum-urunler","7":"product_cat-varis-coraplari","9":"first","10":"instock","11":"shipping-taxable","12":"product-type-simple"},"_links":{"self":[{"href":"https:\/\/www.varimo.com.tr\/tr\/wp-json\/wp\/v2\/product\/29918","targetHints":{"allow":["GET"]}}],"collection":[{"href":"https:\/\/www.varimo.com.tr\/tr\/wp-json\/wp\/v2\/product"}],"about":[{"href":"https:\/\/www.varimo.com.tr\/tr\/wp-json\/wp\/v2\/types\/product"}],"replies":[{"embeddable":true,"href":"https:\/\/www.varimo.com.tr\/tr\/wp-json\/wp\/v2\/comments?post=29918"}],"version-history":[{"count":2,"href":"https:\/\/www.varimo.com.tr\/tr\/wp-json\/wp\/v2\/product\/29918\/revisions"}],"predecessor-version":[{"id":29931,"href":"https:\/\/www.varimo.com.tr\/tr\/wp-json\/wp\/v2\/product\/29918\/revisions\/29931"}],"wp:featuredmedia":[{"embeddable":true,"href":"https:\/\/www.varimo.com.tr\/tr\/wp-json\/wp\/v2\/media\/29929"}],"wp:attachment":[{"href":"https:\/\/www.varimo.com.tr\/tr\/wp-json\/wp\/v2\/media?parent=29918"}],"wp:term":[{"taxonomy":"product_brand","embeddable":true,"href":"https:\/\/www.varimo.com.tr\/tr\/wp-json\/wp\/v2\/product_brand?post=29918"},{"taxonomy":"product_cat","embeddable":true,"href":"https:\/\/www.varimo.com.tr\/tr\/wp-json\/wp\/v2\/product_cat?post=29918"},{"taxonomy":"product_tag","embeddable":true,"href":"https:\/\/www.varimo.com.tr\/tr\/wp-json\/wp\/v2\/product_tag?post=29918"}],"curies":[{"name":"wp","href":"https:\/\/api.w.org\/{rel}","templated":true}]}}