{"id":29895,"date":"2026-03-12T11:20:14","date_gmt":"2026-03-12T11:20:14","guid":{"rendered":"https:\/\/www.varimo.com.tr\/?post_type=product&#038;p=29895"},"modified":"2026-04-07T17:24:42","modified_gmt":"2026-04-07T17:24:42","slug":"uyluk-boyu-diz-ustu-anti-emboli-corabi","status":"publish","type":"product","link":"https:\/\/www.varimo.com.tr\/tr\/urun\/uyluk-boyu-diz-ustu-anti-emboli-corabi\/","title":{"rendered":"Uyluk Boyu (Diz \u00dcst\u00fc) Anti Emboli \u00c7orab\u0131"},"content":{"rendered":"","protected":false},"excerpt":{"rendered":"<h3 class=\"teknik-ozellik-baslik urun-ozellikleri\">\u00dcr\u00fcn \u00d6zellikleri<\/h3>\n<p>\ud83e\ude7a\u00a0 Derin Damar Trombozunu (DVT) \u00f6nlemeye yard\u0131mc\u0131 olmak<br \/>\n<br data-start=\"166\" data-end=\"169\" \/>\ud83c\udfe5\u00a0 Ameliyat sonras\u0131 enboli atma riskini azaltmaya yard\u0131mc\u0131 olmak<br \/>\n<br data-start=\"233\" data-end=\"236\" \/>\u2601\ufe0f\u00a0 Yumu\u015fak ve rahat kullan\u0131m<br \/>\n<br data-start=\"264\" data-end=\"267\" \/>\ud83d\udd0d\u00a0 Kontrol deli\u011fi ile kan dola\u015f\u0131m\u0131n\u0131n kontrol edilmesine yard\u0131mc\u0131 olmak<br \/>\n<br data-start=\"338\" data-end=\"341\" data-is-only-node=\"\" \/>\ud83d\udee1\ufe0f\u00a0 Silikon bant ile kayma riskinin azalt\u0131lmas\u0131<br \/>\n<br data-start=\"388\" data-end=\"391\" \/>\ud83c\udfa8\u00a0 Topuk rengi sayesinde \u00e7orap bedeninin kolay se\u00e7imi<br \/>\n<br data-start=\"444\" data-end=\"447\" \/>\ud83d\udcca\u00a0 Ayak bile\u011finde 15\u201318 mmHg bas\u0131n\u00e7<br \/>\n<br data-start=\"482\" data-end=\"485\" \/>\ud83c\udf3f\u00a0 Cilt dostu olu\u015fu<br \/>\n<br data-start=\"504\" data-end=\"507\" \/>\ud83d\udccf\u00a0 7 beden mevcuttur<br \/>\n<br data-start=\"527\" data-end=\"530\" \/>\ud83e\uddb5\u00a0 Diz alt\u0131, diz \u00fcst\u00fc ve belden kemerli model se\u00e7enekleri<br \/>\n<br data-start=\"587\" data-end=\"590\" \/>\u26aa\u00a0 Yaln\u0131zca beyaz renk se\u00e7ene\u011fi<br \/>\n<br data-start=\"620\" data-end=\"623\" \/>\ud83d\udd17\u00a0 D\u00fcz silikon ve damar silikon se\u00e7enekleri<\/p>\n","protected":false},"featured_media":29903,"comment_status":"open","ping_status":"closed","template":"","meta":[],"product_brand":[],"product_cat":[23,79],"product_tag":[],"class_list":{"0":"post-29895","1":"product","2":"type-product","3":"status-publish","4":"has-post-thumbnail","6":"product_cat-anti-emboli-coraplari","7":"product_cat-tum-urunler","9":"first","10":"instock","11":"shipping-taxable","12":"product-type-simple"},"_links":{"self":[{"href":"https:\/\/www.varimo.com.tr\/tr\/wp-json\/wp\/v2\/product\/29895","targetHints":{"allow":["GET"]}}],"collection":[{"href":"https:\/\/www.varimo.com.tr\/tr\/wp-json\/wp\/v2\/product"}],"about":[{"href":"https:\/\/www.varimo.com.tr\/tr\/wp-json\/wp\/v2\/types\/product"}],"replies":[{"embeddable":true,"href":"https:\/\/www.varimo.com.tr\/tr\/wp-json\/wp\/v2\/comments?post=29895"}],"version-history":[{"count":1,"href":"https:\/\/www.varimo.com.tr\/tr\/wp-json\/wp\/v2\/product\/29895\/revisions"}],"predecessor-version":[{"id":29908,"href":"https:\/\/www.varimo.com.tr\/tr\/wp-json\/wp\/v2\/product\/29895\/revisions\/29908"}],"wp:featuredmedia":[{"embeddable":true,"href":"https:\/\/www.varimo.com.tr\/tr\/wp-json\/wp\/v2\/media\/29903"}],"wp:attachment":[{"href":"https:\/\/www.varimo.com.tr\/tr\/wp-json\/wp\/v2\/media?parent=29895"}],"wp:term":[{"taxonomy":"product_brand","embeddable":true,"href":"https:\/\/www.varimo.com.tr\/tr\/wp-json\/wp\/v2\/product_brand?post=29895"},{"taxonomy":"product_cat","embeddable":true,"href":"https:\/\/www.varimo.com.tr\/tr\/wp-json\/wp\/v2\/product_cat?post=29895"},{"taxonomy":"product_tag","embeddable":true,"href":"https:\/\/www.varimo.com.tr\/tr\/wp-json\/wp\/v2\/product_tag?post=29895"}],"curies":[{"name":"wp","href":"https:\/\/api.w.org\/{rel}","templated":true}]}}