{"id":29253,"date":"2026-01-27T01:04:27","date_gmt":"2026-01-27T01:04:27","guid":{"rendered":"https:\/\/www.varimo.com.tr\/?post_type=product&#038;p=29253"},"modified":"2026-04-16T16:47:49","modified_gmt":"2026-04-16T16:47:49","slug":"sports-sporcu-coraplari","status":"publish","type":"product","link":"https:\/\/www.varimo.com.tr\/tr\/urun\/sports-sporcu-coraplari\/","title":{"rendered":"Uyluk Boyu Diz \u00dcst\u00fc Varis \u00c7orab\u0131"},"content":{"rendered":"","protected":false},"excerpt":{"rendered":"<h3 data-start=\"97\" data-end=\"117\">\u00dcr\u00fcn \u00d6zellikleri<\/h3>\n<p data-start=\"586\" data-end=\"647\">\ud83c\udf21\ufe0f Cilt s\u0131cakl\u0131\u011f\u0131n\u0131 dengelemeye yard\u0131mc\u0131 \u00f6zel kuma\u015f yap\u0131s\u0131<\/p>\n<p data-start=\"649\" data-end=\"772\">\ud83d\udcca Yukar\u0131ya do\u011fru azalan <strong data-start=\"674\" data-end=\"717\">dereceli bas\u0131n\u00e7 (Graduated Compression)<\/strong> teknolojisi ile kan dola\u015f\u0131m\u0131n\u0131 desteklemeye yard\u0131mc\u0131<\/p>\n<p data-start=\"774\" data-end=\"852\">\ud83e\uddb5 Bacaklarda olu\u015fabilecek \u015fi\u015flik ve yorgunluk hissinin azalt\u0131lmas\u0131na destek<\/p>\n<p data-start=\"854\" data-end=\"929\">\ud83c\udf2c\ufe0f Nefes alabilen ve nem emici kuma\u015f teknolojisi ile cilt konforu sa\u011flar<\/p>\n<p data-start=\"931\" data-end=\"1000\">\u2601\ufe0f \u00c7ok yumu\u015fak ve konforlu dokusu sayesinde g\u00fcn boyu rahat kullan\u0131m<\/p>\n<p data-start=\"1002\" data-end=\"1060\">\ud83d\udee1\ufe0f Cilt dostu kuma\u015f yap\u0131s\u0131 hassas ciltler i\u00e7in idealdir<\/p>\n<p data-start=\"1062\" data-end=\"1112\">\ud83d\udc4c Kolay giyilip \u00e7\u0131kar\u0131labilen ergonomik tasar\u0131m<\/p>\n<p data-start=\"1114\" data-end=\"1166\">\ud83d\udc6b Kad\u0131nlar ve erkekler i\u00e7in uygun unisex kullan\u0131m<\/p>\n<p data-start=\"1168\" data-end=\"1211\">\ud83d\udccf 7 farkl\u0131 beden se\u00e7ene\u011fi ile ideal uyum<\/p>\n<p data-start=\"1213\" data-end=\"1272\">\ud83e\uddb6 A\u00e7\u0131k burun ve kapal\u0131 burun model se\u00e7enekleri mevcuttur<\/p>\n<p data-start=\"1274\" data-end=\"1343\">\u2708\ufe0f Uzun s\u00fcre ayakta kalma, seyahat ve g\u00fcnl\u00fck kullan\u0131m i\u00e7in uygundur<\/p>\n","protected":false},"featured_media":29913,"comment_status":"open","ping_status":"closed","template":"","meta":[],"product_brand":[],"product_cat":[79,78],"product_tag":[],"class_list":{"0":"post-29253","1":"product","2":"type-product","3":"status-publish","4":"has-post-thumbnail","6":"product_cat-tum-urunler","7":"product_cat-varis-coraplari","9":"first","10":"instock","11":"shipping-taxable","12":"product-type-simple"},"_links":{"self":[{"href":"https:\/\/www.varimo.com.tr\/tr\/wp-json\/wp\/v2\/product\/29253","targetHints":{"allow":["GET"]}}],"collection":[{"href":"https:\/\/www.varimo.com.tr\/tr\/wp-json\/wp\/v2\/product"}],"about":[{"href":"https:\/\/www.varimo.com.tr\/tr\/wp-json\/wp\/v2\/types\/product"}],"replies":[{"embeddable":true,"href":"https:\/\/www.varimo.com.tr\/tr\/wp-json\/wp\/v2\/comments?post=29253"}],"version-history":[{"count":4,"href":"https:\/\/www.varimo.com.tr\/tr\/wp-json\/wp\/v2\/product\/29253\/revisions"}],"predecessor-version":[{"id":29917,"href":"https:\/\/www.varimo.com.tr\/tr\/wp-json\/wp\/v2\/product\/29253\/revisions\/29917"}],"wp:featuredmedia":[{"embeddable":true,"href":"https:\/\/www.varimo.com.tr\/tr\/wp-json\/wp\/v2\/media\/29913"}],"wp:attachment":[{"href":"https:\/\/www.varimo.com.tr\/tr\/wp-json\/wp\/v2\/media?parent=29253"}],"wp:term":[{"taxonomy":"product_brand","embeddable":true,"href":"https:\/\/www.varimo.com.tr\/tr\/wp-json\/wp\/v2\/product_brand?post=29253"},{"taxonomy":"product_cat","embeddable":true,"href":"https:\/\/www.varimo.com.tr\/tr\/wp-json\/wp\/v2\/product_cat?post=29253"},{"taxonomy":"product_tag","embeddable":true,"href":"https:\/\/www.varimo.com.tr\/tr\/wp-json\/wp\/v2\/product_tag?post=29253"}],"curies":[{"name":"wp","href":"https:\/\/api.w.org\/{rel}","templated":true}]}}