{"id":29811,"date":"2026-03-06T23:54:14","date_gmt":"2026-03-06T23:54:14","guid":{"rendered":"https:\/\/www.varimo.com.tr\/?page_id=29811"},"modified":"2026-03-06T23:55:23","modified_gmt":"2026-03-06T23:55:23","slug":"cevre-ve-surdurulebilirlik-politikamiz","status":"publish","type":"page","link":"https:\/\/www.varimo.com.tr\/tr\/cevre-ve-surdurulebilirlik-politikamiz\/","title":{"rendered":"\u00c7evre ve S\u00fcrd\u00fcr\u00fclebilirlik Politikam\u0131z"},"content":{"rendered":"\t\t<div data-elementor-type=\"wp-page\" data-elementor-id=\"29811\" class=\"elementor elementor-29811\" data-elementor-post-type=\"page\">\n\t\t\t\t<div class=\"wd-negative-gap elementor-element elementor-element-fed185a e-flex e-con-boxed e-con e-parent\" data-id=\"fed185a\" data-element_type=\"container\" data-e-type=\"container\">\n\t\t\t\t\t<div class=\"e-con-inner\">\n\t\t\t\t<div class=\"elementor-element elementor-element-f6f210f wd-width-100 elementor-widget elementor-widget-wd_title\" data-id=\"f6f210f\" data-element_type=\"widget\" data-e-type=\"widget\" data-widget_type=\"wd_title.default\">\n\t\t\t\t<div class=\"elementor-widget-container\">\n\t\t\t\t\t\t\t<div class=\"title-wrapper wd-set-mb reset-last-child wd-title-color-default wd-title-style-default wd-title-size-default text-left\">\n\n\t\t\t\n\t\t\t<div class=\"liner-continer\">\n\t\t\t\t<h4 class=\"woodmart-title-container title wd-fontsize-l\">\u00c7evre ve S\u00fcrd\u00fcr\u00fclebilirlik Politikam\u0131z<\/h4> \n\t\t\t\t\t\t\t<\/div>\n\n\t\t\t\t\t\t\t<div class=\"title-after_title reset-last-child wd-fontsize-xs\">\n\t\t\t\t\t<p>Varimo Medikal \u00fcretim faaliyetlerini y\u00fcr\u00fct\u00fcrken \u00e7evresel sorumlulu\u011funun bilincindedir. Do\u011fal kaynaklar\u0131n verimli kullan\u0131lmas\u0131, \u00fcretim s\u00fcre\u00e7lerinde olu\u015fan at\u0131klar\u0131n azalt\u0131lmas\u0131 ve s\u00fcrd\u00fcr\u00fclebilir \u00fcretim y\u00f6ntemlerinin geli\u015ftirilmesi temel \u00f6nceliklerimiz aras\u0131ndad\u0131r.<\/p><p>\u00c7evreye duyarl\u0131 \u00fcretim anlay\u0131\u015f\u0131m\u0131z do\u011frultusunda \u00fcretim s\u00fcre\u00e7lerimizi s\u00fcrekli geli\u015ftirmekte ve s\u00fcrd\u00fcr\u00fclebilir \u00fcretim modellerini desteklemekteyiz.<\/p>\t\t\t\t<\/div>\n\t\t\t\t\t<\/div>\n\t\t\t\t\t\t<\/div>\n\t\t\t\t<\/div>\n\t\t\t\t<div class=\"elementor-element elementor-element-c4a48fd wd-width-100 elementor-widget elementor-widget-wd_title\" data-id=\"c4a48fd\" data-element_type=\"widget\" data-e-type=\"widget\" data-widget_type=\"wd_title.default\">\n\t\t\t\t<div class=\"elementor-widget-container\">\n\t\t\t\t\t\t\t<div class=\"title-wrapper wd-set-mb reset-last-child wd-title-color-default wd-title-style-default wd-title-size-default text-left\">\n\n\t\t\t\n\t\t\t<div class=\"liner-continer\">\n\t\t\t\t<h4 class=\"woodmart-title-container title wd-fontsize-l\"><\/h4> \n\t\t\t\t\t\t\t<\/div>\n\n\t\t\t\t\t\t\t<div class=\"title-after_title reset-last-child wd-fontsize-xs\">\n\t\t\t\t\t<h1>\u0130leti\u015fim<\/h1><p>Her t\u00fcrl\u00fc soru, \u00f6neri veya i\u015f birli\u011fi talepleriniz i\u00e7in bizimle ileti\u015fime ge\u00e7ebilirsiniz.<\/p><p><strong>Varimo Medikal<\/strong><\/p><p>\ud83c\udf10 Web Sitesi<br \/><a class=\"decorated-link\" href=\"https:\/\/www.varimo.com.tr\" target=\"_new\" rel=\"noopener\">https:\/\/www.varimo.com.tr<\/a><\/p><p>\ud83d\udce7 E-posta<br \/><a class=\"decorated-link cursor-pointer\" rel=\"noopener\">info@varimo.com.tr<\/a><\/p><p>\ud83d\udccd Adres<br \/>Ak\u00e7aburgaz Mah. 3102 Sok. No:7<br \/>Esenyurt \/ \u0130stanbul<\/p>\t\t\t\t<\/div>\n\t\t\t\t\t<\/div>\n\t\t\t\t\t\t<\/div>\n\t\t\t\t<\/div>\n\t\t\t\t\t<\/div>\n\t\t\t\t<\/div>\n\t\t\t\t<\/div>\n\t\t","protected":false},"excerpt":{"rendered":"<p>\u00c7evre ve S\u00fcrd\u00fcr\u00fclebilirlik Politikam\u0131z Varimo Medikal \u00fcretim faaliyetlerini y\u00fcr\u00fct\u00fcrken \u00e7evresel sorumlulu\u011funun bilincindedir. Do\u011fal kaynaklar\u0131n verimli kullan\u0131lmas\u0131, \u00fcretim s\u00fcre\u00e7lerinde olu\u015fan at\u0131klar\u0131n<\/p>\n","protected":false},"author":1,"featured_media":0,"parent":0,"menu_order":0,"comment_status":"closed","ping_status":"closed","template":"","meta":{"footnotes":""},"class_list":["post-29811","page","type-page","status-publish","hentry"],"_links":{"self":[{"href":"https:\/\/www.varimo.com.tr\/tr\/wp-json\/wp\/v2\/pages\/29811","targetHints":{"allow":["GET"]}}],"collection":[{"href":"https:\/\/www.varimo.com.tr\/tr\/wp-json\/wp\/v2\/pages"}],"about":[{"href":"https:\/\/www.varimo.com.tr\/tr\/wp-json\/wp\/v2\/types\/page"}],"author":[{"embeddable":true,"href":"https:\/\/www.varimo.com.tr\/tr\/wp-json\/wp\/v2\/users\/1"}],"replies":[{"embeddable":true,"href":"https:\/\/www.varimo.com.tr\/tr\/wp-json\/wp\/v2\/comments?post=29811"}],"version-history":[{"count":7,"href":"https:\/\/www.varimo.com.tr\/tr\/wp-json\/wp\/v2\/pages\/29811\/revisions"}],"predecessor-version":[{"id":29819,"href":"https:\/\/www.varimo.com.tr\/tr\/wp-json\/wp\/v2\/pages\/29811\/revisions\/29819"}],"wp:attachment":[{"href":"https:\/\/www.varimo.com.tr\/tr\/wp-json\/wp\/v2\/media?parent=29811"}],"curies":[{"name":"wp","href":"https:\/\/api.w.org\/{rel}","templated":true}]}}