{"id":29805,"date":"2026-03-06T23:53:24","date_gmt":"2026-03-06T23:53:24","guid":{"rendered":"https:\/\/www.varimo.com.tr\/?page_id=29805"},"modified":"2026-03-06T23:56:04","modified_gmt":"2026-03-06T23:56:04","slug":"gizlilik-ve-kvkk-politikamiz","status":"publish","type":"page","link":"https:\/\/www.varimo.com.tr\/tr\/gizlilik-ve-kvkk-politikamiz\/","title":{"rendered":"Gizlilik ve KVKK Politikam\u0131z"},"content":{"rendered":"\t\t<div data-elementor-type=\"wp-page\" data-elementor-id=\"29805\" class=\"elementor elementor-29805\" data-elementor-post-type=\"page\">\n\t\t\t\t<div class=\"wd-negative-gap elementor-element elementor-element-fed185a e-flex e-con-boxed e-con e-parent\" data-id=\"fed185a\" data-element_type=\"container\" data-e-type=\"container\">\n\t\t\t\t\t<div class=\"e-con-inner\">\n\t\t\t\t<div class=\"elementor-element elementor-element-f6f210f wd-width-100 elementor-widget elementor-widget-wd_title\" data-id=\"f6f210f\" data-element_type=\"widget\" data-e-type=\"widget\" data-widget_type=\"wd_title.default\">\n\t\t\t\t<div class=\"elementor-widget-container\">\n\t\t\t\t\t\t\t<div class=\"title-wrapper wd-set-mb reset-last-child wd-title-color-default wd-title-style-default wd-title-size-default text-left\">\n\n\t\t\t\n\t\t\t<div class=\"liner-continer\">\n\t\t\t\t<h4 class=\"woodmart-title-container title wd-fontsize-l\">Gizlilik ve KVKK Politikam\u0131z<\/h4> \n\t\t\t\t\t\t\t<\/div>\n\n\t\t\t\t\t\t\t<div class=\"title-after_title reset-last-child wd-fontsize-xs\">\n\t\t\t\t\t<p>Varimo Medikal, m\u00fc\u015fterilerine, i\u015f ortaklar\u0131na ve ziyaret\u00e7ilerine ait bilgilerin gizlili\u011fini korumay\u0131 temel sorumluluklar\u0131ndan biri olarak kabul eder.<\/p><p>Web sitesi \u00fczerinden veya di\u011fer ileti\u015fim kanallar\u0131 arac\u0131l\u0131\u011f\u0131yla payla\u015f\u0131lan t\u00fcm bilgiler yaln\u0131zca i\u015f s\u00fcre\u00e7lerinin y\u00fcr\u00fct\u00fclmesi amac\u0131yla kullan\u0131lmakta ve y\u00fcr\u00fcrl\u00fckteki veri koruma mevzuatlar\u0131na uygun \u015fekilde korunmaktad\u0131r.<\/p><p>Ki\u015fisel verilerin korunmas\u0131 konusunda \u015feffaf ve sorumlu bir yakla\u015f\u0131m benimsenmektedir.<\/p>\t\t\t\t<\/div>\n\t\t\t\t\t<\/div>\n\t\t\t\t\t\t<\/div>\n\t\t\t\t<\/div>\n\t\t\t\t<div class=\"elementor-element elementor-element-4bdab54 wd-width-100 elementor-widget elementor-widget-wd_title\" data-id=\"4bdab54\" data-element_type=\"widget\" data-e-type=\"widget\" data-widget_type=\"wd_title.default\">\n\t\t\t\t<div class=\"elementor-widget-container\">\n\t\t\t\t\t\t\t<div class=\"title-wrapper wd-set-mb reset-last-child wd-title-color-default wd-title-style-default wd-title-size-default text-left\">\n\n\t\t\t\n\t\t\t<div class=\"liner-continer\">\n\t\t\t\t<h4 class=\"woodmart-title-container title wd-fontsize-l\"><\/h4> \n\t\t\t\t\t\t\t<\/div>\n\n\t\t\t\t\t\t\t<div class=\"title-after_title reset-last-child wd-fontsize-xs\">\n\t\t\t\t\t<h1>\u0130leti\u015fim<\/h1><p>Her t\u00fcrl\u00fc soru, \u00f6neri veya i\u015f birli\u011fi talepleriniz i\u00e7in bizimle ileti\u015fime ge\u00e7ebilirsiniz.<\/p><p><strong>Varimo Medikal<\/strong><\/p><p>\ud83c\udf10 Web Sitesi<br \/><a class=\"decorated-link\" href=\"https:\/\/www.varimo.com.tr\" target=\"_new\" rel=\"noopener\">https:\/\/www.varimo.com.tr<\/a><\/p><p>\ud83d\udce7 E-posta<br \/><a class=\"decorated-link cursor-pointer\" rel=\"noopener\">info@varimo.com.tr<\/a><\/p><p>\ud83d\udccd Adres<br \/>Ak\u00e7aburgaz Mah. 3102 Sok. No:7<br \/>Esenyurt \/ \u0130stanbul<\/p>\t\t\t\t<\/div>\n\t\t\t\t\t<\/div>\n\t\t\t\t\t\t<\/div>\n\t\t\t\t<\/div>\n\t\t\t\t\t<\/div>\n\t\t\t\t<\/div>\n\t\t\t\t<\/div>\n\t\t","protected":false},"excerpt":{"rendered":"<p>Gizlilik ve KVKK Politikam\u0131z Varimo Medikal, m\u00fc\u015fterilerine, i\u015f ortaklar\u0131na ve ziyaret\u00e7ilerine ait bilgilerin gizlili\u011fini korumay\u0131 temel sorumluluklar\u0131ndan biri olarak kabul<\/p>\n","protected":false},"author":1,"featured_media":0,"parent":0,"menu_order":0,"comment_status":"closed","ping_status":"closed","template":"","meta":{"footnotes":""},"class_list":["post-29805","page","type-page","status-publish","hentry"],"_links":{"self":[{"href":"https:\/\/www.varimo.com.tr\/tr\/wp-json\/wp\/v2\/pages\/29805","targetHints":{"allow":["GET"]}}],"collection":[{"href":"https:\/\/www.varimo.com.tr\/tr\/wp-json\/wp\/v2\/pages"}],"about":[{"href":"https:\/\/www.varimo.com.tr\/tr\/wp-json\/wp\/v2\/types\/page"}],"author":[{"embeddable":true,"href":"https:\/\/www.varimo.com.tr\/tr\/wp-json\/wp\/v2\/users\/1"}],"replies":[{"embeddable":true,"href":"https:\/\/www.varimo.com.tr\/tr\/wp-json\/wp\/v2\/comments?post=29805"}],"version-history":[{"count":7,"href":"https:\/\/www.varimo.com.tr\/tr\/wp-json\/wp\/v2\/pages\/29805\/revisions"}],"predecessor-version":[{"id":29822,"href":"https:\/\/www.varimo.com.tr\/tr\/wp-json\/wp\/v2\/pages\/29805\/revisions\/29822"}],"wp:attachment":[{"href":"https:\/\/www.varimo.com.tr\/tr\/wp-json\/wp\/v2\/media?parent=29805"}],"curies":[{"name":"wp","href":"https:\/\/api.w.org\/{rel}","templated":true}]}}