{"id":29799,"date":"2026-03-06T23:52:42","date_gmt":"2026-03-06T23:52:42","guid":{"rendered":"https:\/\/www.varimo.com.tr\/?page_id=29799"},"modified":"2026-03-06T23:56:11","modified_gmt":"2026-03-06T23:56:11","slug":"musteri-memnuniyeti-politikamiz","status":"publish","type":"page","link":"https:\/\/www.varimo.com.tr\/tr\/musteri-memnuniyeti-politikamiz\/","title":{"rendered":"M\u00fc\u015fteri Memnuniyeti Politikam\u0131z"},"content":{"rendered":"\t\t<div data-elementor-type=\"wp-page\" data-elementor-id=\"29799\" class=\"elementor elementor-29799\" data-elementor-post-type=\"page\">\n\t\t\t\t<div class=\"wd-negative-gap elementor-element elementor-element-fed185a e-flex e-con-boxed e-con e-parent\" data-id=\"fed185a\" data-element_type=\"container\" data-e-type=\"container\">\n\t\t\t\t\t<div class=\"e-con-inner\">\n\t\t\t\t<div class=\"elementor-element elementor-element-f6f210f wd-width-100 elementor-widget elementor-widget-wd_title\" data-id=\"f6f210f\" data-element_type=\"widget\" data-e-type=\"widget\" data-widget_type=\"wd_title.default\">\n\t\t\t\t<div class=\"elementor-widget-container\">\n\t\t\t\t\t\t\t<div class=\"title-wrapper wd-set-mb reset-last-child wd-title-color-default wd-title-style-default wd-title-size-default text-left\">\n\n\t\t\t\n\t\t\t<div class=\"liner-continer\">\n\t\t\t\t<h4 class=\"woodmart-title-container title wd-fontsize-l\">M\u00fc\u015fteri Memnuniyeti Politikam\u0131z<\/h4> \n\t\t\t\t\t\t\t<\/div>\n\n\t\t\t\t\t\t\t<div class=\"title-after_title reset-last-child wd-fontsize-xs\">\n\t\t\t\t\t<p>Varimo Medikal olarak i\u015f ortaklar\u0131m\u0131z, distrib\u00fct\u00f6rlerimiz ve m\u00fc\u015fterilerimiz ile uzun vadeli ve g\u00fcvene dayal\u0131 i\u015f ili\u015fkileri kurmay\u0131 hedefliyoruz.<\/p><p>M\u00fc\u015fterilerimizin ihtiya\u00e7lar\u0131n\u0131 do\u011fru anlamak, h\u0131zl\u0131 geri d\u00f6n\u00fc\u015f sa\u011flamak ve \u00e7\u00f6z\u00fcm odakl\u0131 yakla\u015f\u0131m sunmak hizmet anlay\u0131\u015f\u0131m\u0131z\u0131n temelini olu\u015fturur. T\u00fcm geri bildirimler \u00fcr\u00fcn ve hizmet kalitemizi geli\u015ftirmek i\u00e7in \u00f6nemli bir veri olarak de\u011ferlendirilir.<\/p><p>Amac\u0131m\u0131z; m\u00fc\u015fterilerimize g\u00fcvenilir \u00fcr\u00fcnler, h\u0131zl\u0131 ileti\u015fim ve s\u00fcrd\u00fcr\u00fclebilir i\u015f ortakl\u0131\u011f\u0131 sunmakt\u0131r.<\/p>\t\t\t\t<\/div>\n\t\t\t\t\t<\/div>\n\t\t\t\t\t\t<\/div>\n\t\t\t\t<\/div>\n\t\t\t\t<div class=\"elementor-element elementor-element-bf7edd0 wd-width-100 elementor-widget elementor-widget-wd_title\" data-id=\"bf7edd0\" data-element_type=\"widget\" data-e-type=\"widget\" data-widget_type=\"wd_title.default\">\n\t\t\t\t<div class=\"elementor-widget-container\">\n\t\t\t\t\t\t\t<div class=\"title-wrapper wd-set-mb reset-last-child wd-title-color-default wd-title-style-default wd-title-size-default text-left\">\n\n\t\t\t\n\t\t\t<div class=\"liner-continer\">\n\t\t\t\t<h4 class=\"woodmart-title-container title wd-fontsize-l\"><\/h4> \n\t\t\t\t\t\t\t<\/div>\n\n\t\t\t\t\t\t\t<div class=\"title-after_title reset-last-child wd-fontsize-xs\">\n\t\t\t\t\t<h1>\u0130leti\u015fim<\/h1><p>Her t\u00fcrl\u00fc soru, \u00f6neri veya i\u015f birli\u011fi talepleriniz i\u00e7in bizimle ileti\u015fime ge\u00e7ebilirsiniz.<\/p><p><strong>Varimo Medikal<\/strong><\/p><p>\ud83c\udf10 Web Sitesi<br \/><a class=\"decorated-link\" href=\"https:\/\/www.varimo.com.tr\" target=\"_new\" rel=\"noopener\">https:\/\/www.varimo.com.tr<\/a><\/p><p>\ud83d\udce7 E-posta<br \/><a class=\"decorated-link cursor-pointer\" rel=\"noopener\">info@varimo.com.tr<\/a><\/p><p>\ud83d\udccd Adres<br \/>Ak\u00e7aburgaz Mah. 3102 Sok. No:7<br \/>Esenyurt \/ \u0130stanbul<\/p>\t\t\t\t<\/div>\n\t\t\t\t\t<\/div>\n\t\t\t\t\t\t<\/div>\n\t\t\t\t<\/div>\n\t\t\t\t\t<\/div>\n\t\t\t\t<\/div>\n\t\t\t\t<\/div>\n\t\t","protected":false},"excerpt":{"rendered":"<p>M\u00fc\u015fteri Memnuniyeti Politikam\u0131z Varimo Medikal olarak i\u015f ortaklar\u0131m\u0131z, distrib\u00fct\u00f6rlerimiz ve m\u00fc\u015fterilerimiz ile uzun vadeli ve g\u00fcvene dayal\u0131 i\u015f ili\u015fkileri kurmay\u0131<\/p>\n","protected":false},"author":1,"featured_media":0,"parent":0,"menu_order":0,"comment_status":"closed","ping_status":"closed","template":"","meta":{"footnotes":""},"class_list":["post-29799","page","type-page","status-publish","hentry"],"_links":{"self":[{"href":"https:\/\/www.varimo.com.tr\/tr\/wp-json\/wp\/v2\/pages\/29799","targetHints":{"allow":["GET"]}}],"collection":[{"href":"https:\/\/www.varimo.com.tr\/tr\/wp-json\/wp\/v2\/pages"}],"about":[{"href":"https:\/\/www.varimo.com.tr\/tr\/wp-json\/wp\/v2\/types\/page"}],"author":[{"embeddable":true,"href":"https:\/\/www.varimo.com.tr\/tr\/wp-json\/wp\/v2\/users\/1"}],"replies":[{"embeddable":true,"href":"https:\/\/www.varimo.com.tr\/tr\/wp-json\/wp\/v2\/comments?post=29799"}],"version-history":[{"count":7,"href":"https:\/\/www.varimo.com.tr\/tr\/wp-json\/wp\/v2\/pages\/29799\/revisions"}],"predecessor-version":[{"id":29825,"href":"https:\/\/www.varimo.com.tr\/tr\/wp-json\/wp\/v2\/pages\/29799\/revisions\/29825"}],"wp:attachment":[{"href":"https:\/\/www.varimo.com.tr\/tr\/wp-json\/wp\/v2\/media?parent=29799"}],"curies":[{"name":"wp","href":"https:\/\/api.w.org\/{rel}","templated":true}]}}