{"id":29793,"date":"2026-03-06T23:52:00","date_gmt":"2026-03-06T23:52:00","guid":{"rendered":"https:\/\/www.varimo.com.tr\/?page_id=29793"},"modified":"2026-03-06T23:56:23","modified_gmt":"2026-03-06T23:56:23","slug":"yasal-uyum-politikamiz","status":"publish","type":"page","link":"https:\/\/www.varimo.com.tr\/tr\/yasal-uyum-politikamiz\/","title":{"rendered":"Yasal Uyum Politikam\u0131z"},"content":{"rendered":"\t\t<div data-elementor-type=\"wp-page\" data-elementor-id=\"29793\" class=\"elementor elementor-29793\" data-elementor-post-type=\"page\">\n\t\t\t\t<div class=\"wd-negative-gap elementor-element elementor-element-fed185a e-flex e-con-boxed e-con e-parent\" data-id=\"fed185a\" data-element_type=\"container\" data-e-type=\"container\">\n\t\t\t\t\t<div class=\"e-con-inner\">\n\t\t\t\t<div class=\"elementor-element elementor-element-f6f210f wd-width-100 elementor-widget elementor-widget-wd_title\" data-id=\"f6f210f\" data-element_type=\"widget\" data-e-type=\"widget\" data-widget_type=\"wd_title.default\">\n\t\t\t\t<div class=\"elementor-widget-container\">\n\t\t\t\t\t\t\t<div class=\"title-wrapper wd-set-mb reset-last-child wd-title-color-default wd-title-style-default wd-title-size-default text-left\">\n\n\t\t\t\n\t\t\t<div class=\"liner-continer\">\n\t\t\t\t<h4 class=\"woodmart-title-container title wd-fontsize-l\">Yasal Uyum Politikam\u0131z<\/h4> \n\t\t\t\t\t\t\t<\/div>\n\n\t\t\t\t\t\t\t<div class=\"title-after_title reset-last-child wd-fontsize-xs\">\n\t\t\t\t\t<p>Varimo Medikal, medikal tekstil \u00fcreticisi olarak faaliyetlerini y\u00fcr\u00fcrl\u00fckte bulunan ulusal ve uluslararas\u0131 mevzuatlara uygun \u015fekilde y\u00fcr\u00fctmektedir.<\/p><p>\u00dcretim, kalite kontrol ve \u00fcr\u00fcn geli\u015ftirme s\u00fcre\u00e7leri ilgili t\u0131bbi cihaz d\u00fczenlemeleri ve sekt\u00f6r standartlar\u0131 do\u011frultusunda y\u00fcr\u00fct\u00fclmektedir. \u015eirketimiz t\u00fcm operasyonlar\u0131nda yasal uyumu temel prensip olarak benimsemekte ve s\u00fcre\u00e7lerini d\u00fczenli olarak g\u00f6zden ge\u00e7irmektedir.<\/p><p>\u015eeffaf, sorumlu ve g\u00fcvenilir bir \u00fcretici olmak Varimo Medikal\u2019in temel kurumsal de\u011ferleri aras\u0131ndad\u0131r.<\/p>\t\t\t\t<\/div>\n\t\t\t\t\t<\/div>\n\t\t\t\t\t\t<\/div>\n\t\t\t\t<\/div>\n\t\t\t\t<div class=\"elementor-element elementor-element-2668a56 wd-width-100 elementor-widget elementor-widget-wd_title\" data-id=\"2668a56\" data-element_type=\"widget\" data-e-type=\"widget\" data-widget_type=\"wd_title.default\">\n\t\t\t\t<div class=\"elementor-widget-container\">\n\t\t\t\t\t\t\t<div class=\"title-wrapper wd-set-mb reset-last-child wd-title-color-default wd-title-style-default wd-title-size-default text-left\">\n\n\t\t\t\n\t\t\t<div class=\"liner-continer\">\n\t\t\t\t<h4 class=\"woodmart-title-container title wd-fontsize-l\"><\/h4> \n\t\t\t\t\t\t\t<\/div>\n\n\t\t\t\t\t\t\t<div class=\"title-after_title reset-last-child wd-fontsize-xs\">\n\t\t\t\t\t<h1>\u0130leti\u015fim<\/h1><p>Her t\u00fcrl\u00fc soru, \u00f6neri veya i\u015f birli\u011fi talepleriniz i\u00e7in bizimle ileti\u015fime ge\u00e7ebilirsiniz.<\/p><p><strong>Varimo Medikal<\/strong><\/p><p>\ud83c\udf10 Web Sitesi<br \/><a class=\"decorated-link\" href=\"https:\/\/www.varimo.com.tr\" target=\"_new\" rel=\"noopener\">https:\/\/www.varimo.com.tr<\/a><\/p><p>\ud83d\udce7 E-posta<br \/><a class=\"decorated-link cursor-pointer\" rel=\"noopener\">info@varimo.com.tr<\/a><\/p><p>\ud83d\udccd Adres<br \/>Ak\u00e7aburgaz Mah. 3102 Sok. No:7<br \/>Esenyurt \/ \u0130stanbul<\/p>\t\t\t\t<\/div>\n\t\t\t\t\t<\/div>\n\t\t\t\t\t\t<\/div>\n\t\t\t\t<\/div>\n\t\t\t\t\t<\/div>\n\t\t\t\t<\/div>\n\t\t\t\t<\/div>\n\t\t","protected":false},"excerpt":{"rendered":"<p>Yasal Uyum Politikam\u0131z Varimo Medikal, medikal tekstil \u00fcreticisi olarak faaliyetlerini y\u00fcr\u00fcrl\u00fckte bulunan ulusal ve uluslararas\u0131 mevzuatlara uygun \u015fekilde y\u00fcr\u00fctmektedir. \u00dcretim,<\/p>\n","protected":false},"author":1,"featured_media":0,"parent":0,"menu_order":0,"comment_status":"closed","ping_status":"closed","template":"","meta":{"footnotes":""},"class_list":["post-29793","page","type-page","status-publish","hentry"],"_links":{"self":[{"href":"https:\/\/www.varimo.com.tr\/tr\/wp-json\/wp\/v2\/pages\/29793","targetHints":{"allow":["GET"]}}],"collection":[{"href":"https:\/\/www.varimo.com.tr\/tr\/wp-json\/wp\/v2\/pages"}],"about":[{"href":"https:\/\/www.varimo.com.tr\/tr\/wp-json\/wp\/v2\/types\/page"}],"author":[{"embeddable":true,"href":"https:\/\/www.varimo.com.tr\/tr\/wp-json\/wp\/v2\/users\/1"}],"replies":[{"embeddable":true,"href":"https:\/\/www.varimo.com.tr\/tr\/wp-json\/wp\/v2\/comments?post=29793"}],"version-history":[{"count":7,"href":"https:\/\/www.varimo.com.tr\/tr\/wp-json\/wp\/v2\/pages\/29793\/revisions"}],"predecessor-version":[{"id":29831,"href":"https:\/\/www.varimo.com.tr\/tr\/wp-json\/wp\/v2\/pages\/29793\/revisions\/29831"}],"wp:attachment":[{"href":"https:\/\/www.varimo.com.tr\/tr\/wp-json\/wp\/v2\/media?parent=29793"}],"curies":[{"name":"wp","href":"https:\/\/api.w.org\/{rel}","templated":true}]}}