{"id":29787,"date":"2026-03-06T23:51:15","date_gmt":"2026-03-06T23:51:15","guid":{"rendered":"https:\/\/www.varimo.com.tr\/?page_id=29787"},"modified":"2026-03-06T23:56:16","modified_gmt":"2026-03-06T23:56:16","slug":"urun-guvenligi-politikamiz","status":"publish","type":"page","link":"https:\/\/www.varimo.com.tr\/tr\/urun-guvenligi-politikamiz\/","title":{"rendered":"\u00dcr\u00fcn G\u00fcvenli\u011fi Politikam\u0131z"},"content":{"rendered":"\t\t<div data-elementor-type=\"wp-page\" data-elementor-id=\"29787\" class=\"elementor elementor-29787\" data-elementor-post-type=\"page\">\n\t\t\t\t<div class=\"wd-negative-gap elementor-element elementor-element-fed185a e-flex e-con-boxed e-con e-parent\" data-id=\"fed185a\" data-element_type=\"container\" data-e-type=\"container\">\n\t\t\t\t\t<div class=\"e-con-inner\">\n\t\t\t\t<div class=\"elementor-element elementor-element-f6f210f wd-width-100 elementor-widget elementor-widget-wd_title\" data-id=\"f6f210f\" data-element_type=\"widget\" data-e-type=\"widget\" data-widget_type=\"wd_title.default\">\n\t\t\t\t<div class=\"elementor-widget-container\">\n\t\t\t\t\t\t\t<div class=\"title-wrapper wd-set-mb reset-last-child wd-title-color-default wd-title-style-default wd-title-size-default text-left\">\n\n\t\t\t\n\t\t\t<div class=\"liner-continer\">\n\t\t\t\t<h4 class=\"woodmart-title-container title wd-fontsize-l\">\u00dcr\u00fcn G\u00fcvenli\u011fi Politikam\u0131z<\/h4> \n\t\t\t\t\t\t\t<\/div>\n\n\t\t\t\t\t\t\t<div class=\"title-after_title reset-last-child wd-fontsize-xs\">\n\t\t\t\t\t<p>Varimo Medikal, ortopedik ve medikal tekstil \u00fcr\u00fcnlerinin insan sa\u011fl\u0131\u011f\u0131 a\u00e7\u0131s\u0131ndan ta\u015f\u0131d\u0131\u011f\u0131 sorumlulu\u011fun bilinciyle hareket eder. Bu nedenle \u00fcr\u00fcn geli\u015ftirme ve \u00fcretim s\u00fcre\u00e7lerimizde hasta g\u00fcvenli\u011fi ve kullan\u0131m konforu en \u00f6ncelikli kriterler aras\u0131nda yer almaktad\u0131r.<\/p><p>\u00dcr\u00fcnlerimiz tasarlan\u0131rken a\u015fa\u011f\u0131daki temel kriterler dikkate al\u0131n\u0131r:<\/p><ul><li><p>Do\u011fru bas\u0131n\u00e7 da\u011f\u0131l\u0131m\u0131<\/p><\/li><li><p>Cilt uyumlulu\u011fu<\/p><\/li><li><p>Uzun s\u00fcreli kullan\u0131m konforu<\/p><\/li><li><p>Dayan\u0131kl\u0131 ve g\u00fcvenli tekstil yap\u0131s\u0131<\/p><\/li><\/ul><p>\u00dcretim s\u00fcrecinde her parti \u00fcr\u00fcn kalite kontrol prosed\u00fcrlerinden ge\u00e7irilerek kullan\u0131m amac\u0131na uygunlu\u011fu titizlikle de\u011ferlendirilir.<\/p><p>Varimo Medikal\u2019in amac\u0131; sa\u011fl\u0131k kurulu\u015flar\u0131, distrib\u00fct\u00f6rler ve kullan\u0131c\u0131lar i\u00e7in g\u00fcvenle tercih edilebilecek medikal \u00fcr\u00fcnler sunmakt\u0131r.<\/p>\t\t\t\t<\/div>\n\t\t\t\t\t<\/div>\n\t\t\t\t\t\t<\/div>\n\t\t\t\t<\/div>\n\t\t\t\t<div class=\"elementor-element elementor-element-72edaa8 wd-width-100 elementor-widget elementor-widget-wd_title\" data-id=\"72edaa8\" data-element_type=\"widget\" data-e-type=\"widget\" data-widget_type=\"wd_title.default\">\n\t\t\t\t<div class=\"elementor-widget-container\">\n\t\t\t\t\t\t\t<div class=\"title-wrapper wd-set-mb reset-last-child wd-title-color-default wd-title-style-default wd-title-size-default text-left\">\n\n\t\t\t\n\t\t\t<div class=\"liner-continer\">\n\t\t\t\t<h4 class=\"woodmart-title-container title wd-fontsize-l\"><\/h4> \n\t\t\t\t\t\t\t<\/div>\n\n\t\t\t\t\t\t\t<div class=\"title-after_title reset-last-child wd-fontsize-xs\">\n\t\t\t\t\t<h1>\u0130leti\u015fim<\/h1><p>Her t\u00fcrl\u00fc soru, \u00f6neri veya i\u015f birli\u011fi talepleriniz i\u00e7in bizimle ileti\u015fime ge\u00e7ebilirsiniz.<\/p><p><strong>Varimo Medikal<\/strong><\/p><p>\ud83c\udf10 Web Sitesi<br \/><a class=\"decorated-link\" href=\"https:\/\/www.varimo.com.tr\" target=\"_new\" rel=\"noopener\">https:\/\/www.varimo.com.tr<\/a><\/p><p>\ud83d\udce7 E-posta<br \/><a class=\"decorated-link cursor-pointer\" rel=\"noopener\">info@varimo.com.tr<\/a><\/p><p>\ud83d\udccd Adres<br \/>Ak\u00e7aburgaz Mah. 3102 Sok. No:7<br \/>Esenyurt \/ \u0130stanbul<\/p>\t\t\t\t<\/div>\n\t\t\t\t\t<\/div>\n\t\t\t\t\t\t<\/div>\n\t\t\t\t<\/div>\n\t\t\t\t\t<\/div>\n\t\t\t\t<\/div>\n\t\t\t\t<\/div>\n\t\t","protected":false},"excerpt":{"rendered":"<p>\u00dcr\u00fcn G\u00fcvenli\u011fi Politikam\u0131z Varimo Medikal, ortopedik ve medikal tekstil \u00fcr\u00fcnlerinin insan sa\u011fl\u0131\u011f\u0131 a\u00e7\u0131s\u0131ndan ta\u015f\u0131d\u0131\u011f\u0131 sorumlulu\u011fun bilinciyle hareket eder. Bu nedenle<\/p>\n","protected":false},"author":1,"featured_media":0,"parent":0,"menu_order":0,"comment_status":"closed","ping_status":"closed","template":"","meta":{"footnotes":""},"class_list":["post-29787","page","type-page","status-publish","hentry"],"_links":{"self":[{"href":"https:\/\/www.varimo.com.tr\/tr\/wp-json\/wp\/v2\/pages\/29787","targetHints":{"allow":["GET"]}}],"collection":[{"href":"https:\/\/www.varimo.com.tr\/tr\/wp-json\/wp\/v2\/pages"}],"about":[{"href":"https:\/\/www.varimo.com.tr\/tr\/wp-json\/wp\/v2\/types\/page"}],"author":[{"embeddable":true,"href":"https:\/\/www.varimo.com.tr\/tr\/wp-json\/wp\/v2\/users\/1"}],"replies":[{"embeddable":true,"href":"https:\/\/www.varimo.com.tr\/tr\/wp-json\/wp\/v2\/comments?post=29787"}],"version-history":[{"count":7,"href":"https:\/\/www.varimo.com.tr\/tr\/wp-json\/wp\/v2\/pages\/29787\/revisions"}],"predecessor-version":[{"id":29828,"href":"https:\/\/www.varimo.com.tr\/tr\/wp-json\/wp\/v2\/pages\/29787\/revisions\/29828"}],"wp:attachment":[{"href":"https:\/\/www.varimo.com.tr\/tr\/wp-json\/wp\/v2\/media?parent=29787"}],"curies":[{"name":"wp","href":"https:\/\/api.w.org\/{rel}","templated":true}]}}