{"id":29777,"date":"2026-03-06T23:47:56","date_gmt":"2026-03-06T23:47:56","guid":{"rendered":"https:\/\/www.varimo.com.tr\/?page_id=29777"},"modified":"2026-03-06T23:50:51","modified_gmt":"2026-03-06T23:50:51","slug":"kalite-politikamiz","status":"publish","type":"page","link":"https:\/\/www.varimo.com.tr\/tr\/kalite-politikamiz\/","title":{"rendered":"Kalite Politikam\u0131z"},"content":{"rendered":"\t\t<div data-elementor-type=\"wp-page\" data-elementor-id=\"29777\" class=\"elementor elementor-29777\" data-elementor-post-type=\"page\">\n\t\t\t\t<div class=\"wd-negative-gap elementor-element elementor-element-fed185a e-flex e-con-boxed e-con e-parent\" data-id=\"fed185a\" data-element_type=\"container\" data-e-type=\"container\">\n\t\t\t\t\t<div class=\"e-con-inner\">\n\t\t\t\t<div class=\"elementor-element elementor-element-f6f210f wd-width-100 elementor-widget elementor-widget-wd_title\" data-id=\"f6f210f\" data-element_type=\"widget\" data-e-type=\"widget\" data-widget_type=\"wd_title.default\">\n\t\t\t\t<div class=\"elementor-widget-container\">\n\t\t\t\t\t\t\t<div class=\"title-wrapper wd-set-mb reset-last-child wd-title-color-default wd-title-style-default wd-title-size-default text-left\">\n\n\t\t\t\n\t\t\t<div class=\"liner-continer\">\n\t\t\t\t<h4 class=\"woodmart-title-container title wd-fontsize-l\">Kalite Politikam\u0131z<\/h4> \n\t\t\t\t\t\t\t<\/div>\n\n\t\t\t\t\t\t\t<div class=\"title-after_title reset-last-child wd-fontsize-xs\">\n\t\t\t\t\t<p>Varimo Medikal olarak anti-emboli \u00e7oraplar\u0131 ve varis \u00e7oraplar\u0131 \u00fcretiminde kaliteyi yaln\u0131zca bir \u00fcretim standard\u0131 olarak de\u011fil, kurumsal \u00e7al\u0131\u015fma anlay\u0131\u015f\u0131m\u0131z\u0131n temel bir par\u00e7as\u0131 olarak g\u00f6r\u00fcyoruz. \u00dcretim s\u00fcre\u00e7lerimizin her a\u015famas\u0131nda do\u011fru hammadde se\u00e7imi, geli\u015fmi\u015f \u00f6rg\u00fc teknolojileri ve sistematik kalite kontrol prosed\u00fcrleri uygulanmaktad\u0131r.<\/p><p>\u00dcr\u00fcnlerimizin tasar\u0131m\u0131ndan son kontrol a\u015famas\u0131na kadar t\u00fcm s\u00fcre\u00e7ler; do\u011fru bas\u0131n\u00e7 da\u011f\u0131l\u0131m\u0131, kullan\u0131m konforu ve uzun s\u00fcreli dayan\u0131kl\u0131l\u0131k kriterleri dikkate al\u0131narak y\u00fcr\u00fct\u00fclmektedir.<\/p><p>Varimo Medikal\u2019in temel hedefi, sa\u011fl\u0131k profesyonellerinin g\u00fcvenle \u00f6nerdi\u011fi ve kullan\u0131c\u0131lar\u0131n konforla kullanabildi\u011fi y\u00fcksek kaliteli medikal tekstil \u00fcr\u00fcnleri \u00fcretmektir. Bu do\u011frultuda kalite y\u00f6netim s\u00fcre\u00e7lerimizi d\u00fczenli olarak g\u00f6zden ge\u00e7iriyor ve s\u00fcrekli geli\u015fim anlay\u0131\u015f\u0131yla iyile\u015ftirmeye devam ediyoruz.<\/p>\t\t\t\t<\/div>\n\t\t\t\t\t<\/div>\n\t\t\t\t\t\t<\/div>\n\t\t\t\t<\/div>\n\t\t\t\t\t<\/div>\n\t\t\t\t<\/div>\n\t\t\t\t<\/div>\n\t\t","protected":false},"excerpt":{"rendered":"<p>Kalite Politikam\u0131z Varimo Medikal olarak anti-emboli \u00e7oraplar\u0131 ve varis \u00e7oraplar\u0131 \u00fcretiminde kaliteyi yaln\u0131zca bir \u00fcretim standard\u0131 olarak de\u011fil, kurumsal \u00e7al\u0131\u015fma<\/p>\n","protected":false},"author":1,"featured_media":0,"parent":0,"menu_order":0,"comment_status":"closed","ping_status":"closed","template":"","meta":{"footnotes":""},"class_list":["post-29777","page","type-page","status-publish","hentry"],"_links":{"self":[{"href":"https:\/\/www.varimo.com.tr\/tr\/wp-json\/wp\/v2\/pages\/29777","targetHints":{"allow":["GET"]}}],"collection":[{"href":"https:\/\/www.varimo.com.tr\/tr\/wp-json\/wp\/v2\/pages"}],"about":[{"href":"https:\/\/www.varimo.com.tr\/tr\/wp-json\/wp\/v2\/types\/page"}],"author":[{"embeddable":true,"href":"https:\/\/www.varimo.com.tr\/tr\/wp-json\/wp\/v2\/users\/1"}],"replies":[{"embeddable":true,"href":"https:\/\/www.varimo.com.tr\/tr\/wp-json\/wp\/v2\/comments?post=29777"}],"version-history":[{"count":7,"href":"https:\/\/www.varimo.com.tr\/tr\/wp-json\/wp\/v2\/pages\/29777\/revisions"}],"predecessor-version":[{"id":29786,"href":"https:\/\/www.varimo.com.tr\/tr\/wp-json\/wp\/v2\/pages\/29777\/revisions\/29786"}],"wp:attachment":[{"href":"https:\/\/www.varimo.com.tr\/tr\/wp-json\/wp\/v2\/media?parent=29777"}],"curies":[{"name":"wp","href":"https:\/\/api.w.org\/{rel}","templated":true}]}}