{"id":29805,"date":"2026-03-06T23:53:24","date_gmt":"2026-03-06T23:53:24","guid":{"rendered":"https:\/\/www.varimo.com.tr\/?page_id=29805"},"modified":"2026-03-06T23:56:04","modified_gmt":"2026-03-06T23:56:04","slug":"privacy-and-data-protection-policy","status":"publish","type":"page","link":"https:\/\/www.varimo.com.tr\/en\/gizlilik-ve-kvkk-politikamiz\/","title":{"rendered":"Privacy and PDPL Policy"},"content":{"rendered":"<div data-elementor-type=\"wp-page\" data-elementor-id=\"29805\" class=\"elementor elementor-29805\" data-elementor-post-type=\"page\">\n\t\t\t\t<div class=\"wd-negative-gap elementor-element elementor-element-fed185a e-flex e-con-boxed e-con e-parent\" data-id=\"fed185a\" data-element_type=\"container\" data-e-type=\"container\">\n\t\t\t\t\t<div class=\"e-con-inner\">\n\t\t\t\t<div class=\"elementor-element elementor-element-f6f210f wd-width-100 elementor-widget elementor-widget-wd_title\" data-id=\"f6f210f\" data-element_type=\"widget\" data-e-type=\"widget\" data-widget_type=\"wd_title.default\">\n\t\t\t\t<div class=\"elementor-widget-container\">\n\t\t\t\t\t\t\t<div class=\"title-wrapper wd-set-mb reset-last-child wd-title-color-default wd-title-style-default wd-title-size-default text-left\">\n\n\t\t\t\n\t\t\t<div class=\"liner-continer\">\n\t\t\t\t<h4 class=\"woodmart-title-container title wd-fontsize-l\">Privacy and PDPL Policy<\/h4> \n\t\t\t\t\t\t\t<\/div>\n\n\t\t\t\t\t\t\t<div class=\"title-after_title reset-last-child wd-fontsize-xs\">\n\t\t\t\t\t<p>Varimo Medikal considers protecting the privacy of information belonging to its customers, business partners, and visitors as one of its primary responsibilities.<\/p><p>All information shared through the website or other communication channels is used solely for the purpose of conducting business processes and is protected in accordance with current data protection legislation.<\/p><p>A transparent and responsible approach is adopted regarding the protection of personal data.<\/p>\t\t\t\t<\/div>\n\t\t\t\t\t<\/div>\n\t\t\t\t\t\t<\/div>\n\t\t\t\t<\/div>\n\t\t\t\t<div class=\"elementor-element elementor-element-4bdab54 wd-width-100 elementor-widget elementor-widget-wd_title\" data-id=\"4bdab54\" data-element_type=\"widget\" data-e-type=\"widget\" data-widget_type=\"wd_title.default\">\n\t\t\t\t<div class=\"elementor-widget-container\">\n\t\t\t\t\t\t\t<div class=\"title-wrapper wd-set-mb reset-last-child wd-title-color-default wd-title-style-default wd-title-size-default text-left\">\n\n\t\t\t\n\t\t\t<div class=\"liner-continer\">\n\t\t\t\t<h4 class=\"woodmart-title-container title wd-fontsize-l\"><\/h4> \n\t\t\t\t\t\t\t<\/div>\n\n\t\t\t\t\t\t\t<div class=\"title-after_title reset-last-child wd-fontsize-xs\">\n\t\t\t\t\t<h1>CONTACT<\/h1><p>For any questions, suggestions, or business collaboration requests, you can get in touch with us.<\/p><p><strong>Varimo Medikal<\/strong><\/p><p>\ud83c\udf10 Website<br \/><a class=\"decorated-link\" href=\"https:\/\/www.varimo.com.tr\" target=\"_new\" rel=\"noopener\">https:\/\/www.varimo.com.tr<\/a><\/p><p>\ud83d\udce7 Email<br \/><a class=\"decorated-link cursor-pointer\" rel=\"noopener\">info@varimo.com.tr<\/a><\/p><p>\ud83d\udccd Address<br \/>Ak\u00e7aburgaz Mah. 3102 Sok. No:7<br \/>Esenyurt \/ \u0130stanbul<\/p>\t\t\t\t<\/div>\n\t\t\t\t\t<\/div>\n\t\t\t\t\t\t<\/div>\n\t\t\t\t<\/div>\n\t\t\t\t\t<\/div>\n\t\t\t\t<\/div>\n\t\t\t\t<\/div>","protected":false},"excerpt":{"rendered":"<p>Gizlilik ve KVKK Politikam\u0131z Varimo Medikal, m\u00fc\u015fterilerine, i\u015f ortaklar\u0131na ve ziyaret\u00e7ilerine ait bilgilerin gizlili\u011fini korumay\u0131 temel sorumluluklar\u0131ndan biri olarak kabul<\/p>","protected":false},"author":1,"featured_media":0,"parent":0,"menu_order":0,"comment_status":"closed","ping_status":"closed","template":"","meta":{"footnotes":""},"class_list":["post-29805","page","type-page","status-publish","hentry"],"_links":{"self":[{"href":"https:\/\/www.varimo.com.tr\/en\/wp-json\/wp\/v2\/pages\/29805","targetHints":{"allow":["GET"]}}],"collection":[{"href":"https:\/\/www.varimo.com.tr\/en\/wp-json\/wp\/v2\/pages"}],"about":[{"href":"https:\/\/www.varimo.com.tr\/en\/wp-json\/wp\/v2\/types\/page"}],"author":[{"embeddable":true,"href":"https:\/\/www.varimo.com.tr\/en\/wp-json\/wp\/v2\/users\/1"}],"replies":[{"embeddable":true,"href":"https:\/\/www.varimo.com.tr\/en\/wp-json\/wp\/v2\/comments?post=29805"}],"version-history":[{"count":7,"href":"https:\/\/www.varimo.com.tr\/en\/wp-json\/wp\/v2\/pages\/29805\/revisions"}],"predecessor-version":[{"id":29822,"href":"https:\/\/www.varimo.com.tr\/en\/wp-json\/wp\/v2\/pages\/29805\/revisions\/29822"}],"wp:attachment":[{"href":"https:\/\/www.varimo.com.tr\/en\/wp-json\/wp\/v2\/media?parent=29805"}],"curies":[{"name":"wp","href":"https:\/\/api.w.org\/{rel}","templated":true}]}}