{"id":29793,"date":"2026-03-06T23:52:00","date_gmt":"2026-03-06T23:52:00","guid":{"rendered":"https:\/\/www.varimo.com.tr\/?page_id=29793"},"modified":"2026-03-06T23:56:23","modified_gmt":"2026-03-06T23:56:23","slug":"legal-compliance-policy","status":"publish","type":"page","link":"https:\/\/www.varimo.com.tr\/en\/yasal-uyum-politikamiz\/","title":{"rendered":"Legal Compliance Policy"},"content":{"rendered":"<div data-elementor-type=\"wp-page\" data-elementor-id=\"29793\" class=\"elementor elementor-29793\" data-elementor-post-type=\"page\">\n\t\t\t\t<div class=\"wd-negative-gap elementor-element elementor-element-fed185a e-flex e-con-boxed e-con e-parent\" data-id=\"fed185a\" data-element_type=\"container\" data-e-type=\"container\">\n\t\t\t\t\t<div class=\"e-con-inner\">\n\t\t\t\t<div class=\"elementor-element elementor-element-f6f210f wd-width-100 elementor-widget elementor-widget-wd_title\" data-id=\"f6f210f\" data-element_type=\"widget\" data-e-type=\"widget\" data-widget_type=\"wd_title.default\">\n\t\t\t\t<div class=\"elementor-widget-container\">\n\t\t\t\t\t\t\t<div class=\"title-wrapper wd-set-mb reset-last-child wd-title-color-default wd-title-style-default wd-title-size-default text-left\">\n\n\t\t\t\n\t\t\t<div class=\"liner-continer\">\n\t\t\t\t<h4 class=\"woodmart-title-container title wd-fontsize-l\">Legal Compliance Policy<\/h4> \n\t\t\t\t\t\t\t<\/div>\n\n\t\t\t\t\t\t\t<div class=\"title-after_title reset-last-child wd-fontsize-xs\">\n\t\t\t\t\t<p>As a medical textile manufacturer, Varimo Medikal conducts its operations in accordance with applicable national and international regulations.<\/p><p>Our production, quality control, and product development processes are carried out in line with relevant medical device regulations and industry standards. Our company adopts legal compliance as a fundamental principle in all its operations and regularly reviews its processes.<\/p><p>Being a transparent, responsible, and reliable manufacturer is among the core corporate values of Varimo Medikal.<\/p>\t\t\t\t<\/div>\n\t\t\t\t\t<\/div>\n\t\t\t\t\t\t<\/div>\n\t\t\t\t<\/div>\n\t\t\t\t<div class=\"elementor-element elementor-element-2668a56 wd-width-100 elementor-widget elementor-widget-wd_title\" data-id=\"2668a56\" data-element_type=\"widget\" data-e-type=\"widget\" data-widget_type=\"wd_title.default\">\n\t\t\t\t<div class=\"elementor-widget-container\">\n\t\t\t\t\t\t\t<div class=\"title-wrapper wd-set-mb reset-last-child wd-title-color-default wd-title-style-default wd-title-size-default text-left\">\n\n\t\t\t\n\t\t\t<div class=\"liner-continer\">\n\t\t\t\t<h4 class=\"woodmart-title-container title wd-fontsize-l\"><\/h4> \n\t\t\t\t\t\t\t<\/div>\n\n\t\t\t\t\t\t\t<div class=\"title-after_title reset-last-child wd-fontsize-xs\">\n\t\t\t\t\t<h1>CONTACT<\/h1><p>For any questions, suggestions, or business collaboration requests, you can get in touch with us.<\/p><p><strong>Varimo Medikal<\/strong><\/p><p>\ud83c\udf10 Website<br \/><a class=\"decorated-link\" href=\"https:\/\/www.varimo.com.tr\" target=\"_new\" rel=\"noopener\">https:\/\/www.varimo.com.tr<\/a><\/p><p>\ud83d\udce7 Email<br \/><a class=\"decorated-link cursor-pointer\" rel=\"noopener\">info@varimo.com.tr<\/a><\/p><p>\ud83d\udccd Address<br \/>Ak\u00e7aburgaz Mah. 3102 Sok. No:7<br \/>Esenyurt \/ \u0130stanbul<\/p>\t\t\t\t<\/div>\n\t\t\t\t\t<\/div>\n\t\t\t\t\t\t<\/div>\n\t\t\t\t<\/div>\n\t\t\t\t\t<\/div>\n\t\t\t\t<\/div>\n\t\t\t\t<\/div>","protected":false},"excerpt":{"rendered":"<p>Yasal Uyum Politikam\u0131z Varimo Medikal, medikal tekstil \u00fcreticisi olarak faaliyetlerini y\u00fcr\u00fcrl\u00fckte bulunan ulusal ve uluslararas\u0131 mevzuatlara uygun \u015fekilde y\u00fcr\u00fctmektedir. \u00dcretim,<\/p>","protected":false},"author":1,"featured_media":0,"parent":0,"menu_order":0,"comment_status":"closed","ping_status":"closed","template":"","meta":{"footnotes":""},"class_list":["post-29793","page","type-page","status-publish","hentry"],"_links":{"self":[{"href":"https:\/\/www.varimo.com.tr\/en\/wp-json\/wp\/v2\/pages\/29793","targetHints":{"allow":["GET"]}}],"collection":[{"href":"https:\/\/www.varimo.com.tr\/en\/wp-json\/wp\/v2\/pages"}],"about":[{"href":"https:\/\/www.varimo.com.tr\/en\/wp-json\/wp\/v2\/types\/page"}],"author":[{"embeddable":true,"href":"https:\/\/www.varimo.com.tr\/en\/wp-json\/wp\/v2\/users\/1"}],"replies":[{"embeddable":true,"href":"https:\/\/www.varimo.com.tr\/en\/wp-json\/wp\/v2\/comments?post=29793"}],"version-history":[{"count":7,"href":"https:\/\/www.varimo.com.tr\/en\/wp-json\/wp\/v2\/pages\/29793\/revisions"}],"predecessor-version":[{"id":29831,"href":"https:\/\/www.varimo.com.tr\/en\/wp-json\/wp\/v2\/pages\/29793\/revisions\/29831"}],"wp:attachment":[{"href":"https:\/\/www.varimo.com.tr\/en\/wp-json\/wp\/v2\/media?parent=29793"}],"curies":[{"name":"wp","href":"https:\/\/api.w.org\/{rel}","templated":true}]}}