{"id":29787,"date":"2026-03-06T23:51:15","date_gmt":"2026-03-06T23:51:15","guid":{"rendered":"https:\/\/www.varimo.com.tr\/?page_id=29787"},"modified":"2026-03-06T23:56:16","modified_gmt":"2026-03-06T23:56:16","slug":"product-safety-policy","status":"publish","type":"page","link":"https:\/\/www.varimo.com.tr\/en\/urun-guvenligi-politikamiz\/","title":{"rendered":"Product Safety Policy"},"content":{"rendered":"<div data-elementor-type=\"wp-page\" data-elementor-id=\"29787\" class=\"elementor elementor-29787\" data-elementor-post-type=\"page\">\n\t\t\t\t<div class=\"wd-negative-gap elementor-element elementor-element-fed185a e-flex e-con-boxed e-con e-parent\" data-id=\"fed185a\" data-element_type=\"container\" data-e-type=\"container\">\n\t\t\t\t\t<div class=\"e-con-inner\">\n\t\t\t\t<div class=\"elementor-element elementor-element-f6f210f wd-width-100 elementor-widget elementor-widget-wd_title\" data-id=\"f6f210f\" data-element_type=\"widget\" data-e-type=\"widget\" data-widget_type=\"wd_title.default\">\n\t\t\t\t<div class=\"elementor-widget-container\">\n\t\t\t\t\t\t\t<div class=\"title-wrapper wd-set-mb reset-last-child wd-title-color-default wd-title-style-default wd-title-size-default text-left\">\n\n\t\t\t\n\t\t\t<div class=\"liner-continer\">\n\t\t\t\t<h4 class=\"woodmart-title-container title wd-fontsize-l\">Product Safety Policy<\/h4> \n\t\t\t\t\t\t\t<\/div>\n\n\t\t\t\t\t\t\t<div class=\"title-after_title reset-last-child wd-fontsize-xs\">\n\t\t\t\t\t<p>Varimo Medikal operates with a strong awareness of the responsibility that orthopedic and medical textile products carry in terms of human health. Therefore, patient safety and user comfort are among the top priorities in our product development and production processes.<\/p><p>The following core criteria are taken into consideration when designing our products:<\/p><ul><li><p>Accurate pressure distribution<\/p><\/li><li><p>Skin compatibility<\/p><\/li><li><p>Long-term wearing comfort<\/p><\/li><li><p>Durable and reliable textile structure<\/p><\/li><\/ul><p>During the production process, each batch of products is subjected to quality control procedures and meticulously evaluated for suitability for its intended use.<\/p><p>Varimo Medikal\u2019s goal is to provide medical products that can be confidently preferred by healthcare institutions, distributors, and users.<\/p>\t\t\t\t<\/div>\n\t\t\t\t\t<\/div>\n\t\t\t\t\t\t<\/div>\n\t\t\t\t<\/div>\n\t\t\t\t<div class=\"elementor-element elementor-element-72edaa8 wd-width-100 elementor-widget elementor-widget-wd_title\" data-id=\"72edaa8\" data-element_type=\"widget\" data-e-type=\"widget\" data-widget_type=\"wd_title.default\">\n\t\t\t\t<div class=\"elementor-widget-container\">\n\t\t\t\t\t\t\t<div class=\"title-wrapper wd-set-mb reset-last-child wd-title-color-default wd-title-style-default wd-title-size-default text-left\">\n\n\t\t\t\n\t\t\t<div class=\"liner-continer\">\n\t\t\t\t<h4 class=\"woodmart-title-container title wd-fontsize-l\"><\/h4> \n\t\t\t\t\t\t\t<\/div>\n\n\t\t\t\t\t\t\t<div class=\"title-after_title reset-last-child wd-fontsize-xs\">\n\t\t\t\t\t<h1>CONTACT<\/h1><p>For any questions, suggestions, or business collaboration requests, you can get in touch with us.<\/p><p><strong>Varimo Medikal<\/strong><\/p><p>\ud83c\udf10 Website<br \/><a class=\"decorated-link\" href=\"https:\/\/www.varimo.com.tr\" target=\"_new\" rel=\"noopener\">https:\/\/www.varimo.com.tr<\/a><\/p><p>\ud83d\udce7 Email<br \/><a class=\"decorated-link cursor-pointer\" rel=\"noopener\">info@varimo.com.tr<\/a><\/p><p>\ud83d\udccd Address<br \/>Ak\u00e7aburgaz Mah. 3102 Sok. No:7<br \/>Esenyurt \/ \u0130stanbul<\/p>\t\t\t\t<\/div>\n\t\t\t\t\t<\/div>\n\t\t\t\t\t\t<\/div>\n\t\t\t\t<\/div>\n\t\t\t\t\t<\/div>\n\t\t\t\t<\/div>\n\t\t\t\t<\/div>","protected":false},"excerpt":{"rendered":"<p>\u00dcr\u00fcn G\u00fcvenli\u011fi Politikam\u0131z Varimo Medikal, ortopedik ve medikal tekstil \u00fcr\u00fcnlerinin insan sa\u011fl\u0131\u011f\u0131 a\u00e7\u0131s\u0131ndan ta\u015f\u0131d\u0131\u011f\u0131 sorumlulu\u011fun bilinciyle hareket eder. Bu nedenle<\/p>","protected":false},"author":1,"featured_media":0,"parent":0,"menu_order":0,"comment_status":"closed","ping_status":"closed","template":"","meta":{"footnotes":""},"class_list":["post-29787","page","type-page","status-publish","hentry"],"_links":{"self":[{"href":"https:\/\/www.varimo.com.tr\/en\/wp-json\/wp\/v2\/pages\/29787","targetHints":{"allow":["GET"]}}],"collection":[{"href":"https:\/\/www.varimo.com.tr\/en\/wp-json\/wp\/v2\/pages"}],"about":[{"href":"https:\/\/www.varimo.com.tr\/en\/wp-json\/wp\/v2\/types\/page"}],"author":[{"embeddable":true,"href":"https:\/\/www.varimo.com.tr\/en\/wp-json\/wp\/v2\/users\/1"}],"replies":[{"embeddable":true,"href":"https:\/\/www.varimo.com.tr\/en\/wp-json\/wp\/v2\/comments?post=29787"}],"version-history":[{"count":7,"href":"https:\/\/www.varimo.com.tr\/en\/wp-json\/wp\/v2\/pages\/29787\/revisions"}],"predecessor-version":[{"id":29828,"href":"https:\/\/www.varimo.com.tr\/en\/wp-json\/wp\/v2\/pages\/29787\/revisions\/29828"}],"wp:attachment":[{"href":"https:\/\/www.varimo.com.tr\/en\/wp-json\/wp\/v2\/media?parent=29787"}],"curies":[{"name":"wp","href":"https:\/\/api.w.org\/{rel}","templated":true}]}}