{"id":29777,"date":"2026-03-06T23:47:56","date_gmt":"2026-03-06T23:47:56","guid":{"rendered":"https:\/\/www.varimo.com.tr\/?page_id=29777"},"modified":"2026-03-06T23:50:51","modified_gmt":"2026-03-06T23:50:51","slug":"quality-policy","status":"publish","type":"page","link":"https:\/\/www.varimo.com.tr\/en\/kalite-politikamiz\/","title":{"rendered":"Quality Policy"},"content":{"rendered":"<div data-elementor-type=\"wp-page\" data-elementor-id=\"29777\" class=\"elementor elementor-29777\" data-elementor-post-type=\"page\">\n\t\t\t\t<div class=\"wd-negative-gap elementor-element elementor-element-fed185a e-flex e-con-boxed e-con e-parent\" data-id=\"fed185a\" data-element_type=\"container\" data-e-type=\"container\">\n\t\t\t\t\t<div class=\"e-con-inner\">\n\t\t\t\t<div class=\"elementor-element elementor-element-f6f210f wd-width-100 elementor-widget elementor-widget-wd_title\" data-id=\"f6f210f\" data-element_type=\"widget\" data-e-type=\"widget\" data-widget_type=\"wd_title.default\">\n\t\t\t\t<div class=\"elementor-widget-container\">\n\t\t\t\t\t\t\t<div class=\"title-wrapper wd-set-mb reset-last-child wd-title-color-default wd-title-style-default wd-title-size-default text-left\">\n\n\t\t\t\n\t\t\t<div class=\"liner-continer\">\n\t\t\t\t<h4 class=\"woodmart-title-container title wd-fontsize-l\">Quality Policy<\/h4> \n\t\t\t\t\t\t\t<\/div>\n\n\t\t\t\t\t\t\t<div class=\"title-after_title reset-last-child wd-fontsize-xs\">\n\t\t\t\t\t<p>As Varimo Medikal, we regard quality in the production of anti-embolism stockings and compression stockings not merely as a manufacturing standard, but as a fundamental part of our corporate operating philosophy. At every stage of our production processes, we apply precise raw material selection, advanced knitting technologies, and systematic quality control procedures.<\/p><p>All processes, from the design of our products to the final inspection stage, are carried out with careful consideration of accurate pressure distribution, user comfort, and long-term durability criteria.<\/p><p>Varimo Medikal\u2019s core objective is to produce high-quality medical textile products that healthcare professionals can confidently recommend and users can comfortably rely on. In line with this goal, we regularly review our quality management processes and continue to improve them through a philosophy of continuous development.<\/p>\t\t\t\t<\/div>\n\t\t\t\t\t<\/div>\n\t\t\t\t\t\t<\/div>\n\t\t\t\t<\/div>\n\t\t\t\t\t<\/div>\n\t\t\t\t<\/div>\n\t\t\t\t<\/div>","protected":false},"excerpt":{"rendered":"<p>Kalite Politikam\u0131z Varimo Medikal olarak anti-emboli \u00e7oraplar\u0131 ve varis \u00e7oraplar\u0131 \u00fcretiminde kaliteyi yaln\u0131zca bir \u00fcretim standard\u0131 olarak de\u011fil, kurumsal \u00e7al\u0131\u015fma<\/p>","protected":false},"author":1,"featured_media":0,"parent":0,"menu_order":0,"comment_status":"closed","ping_status":"closed","template":"","meta":{"footnotes":""},"class_list":["post-29777","page","type-page","status-publish","hentry"],"_links":{"self":[{"href":"https:\/\/www.varimo.com.tr\/en\/wp-json\/wp\/v2\/pages\/29777","targetHints":{"allow":["GET"]}}],"collection":[{"href":"https:\/\/www.varimo.com.tr\/en\/wp-json\/wp\/v2\/pages"}],"about":[{"href":"https:\/\/www.varimo.com.tr\/en\/wp-json\/wp\/v2\/types\/page"}],"author":[{"embeddable":true,"href":"https:\/\/www.varimo.com.tr\/en\/wp-json\/wp\/v2\/users\/1"}],"replies":[{"embeddable":true,"href":"https:\/\/www.varimo.com.tr\/en\/wp-json\/wp\/v2\/comments?post=29777"}],"version-history":[{"count":7,"href":"https:\/\/www.varimo.com.tr\/en\/wp-json\/wp\/v2\/pages\/29777\/revisions"}],"predecessor-version":[{"id":29786,"href":"https:\/\/www.varimo.com.tr\/en\/wp-json\/wp\/v2\/pages\/29777\/revisions\/29786"}],"wp:attachment":[{"href":"https:\/\/www.varimo.com.tr\/en\/wp-json\/wp\/v2\/media?parent=29777"}],"curies":[{"name":"wp","href":"https:\/\/api.w.org\/{rel}","templated":true}]}}